{"id":17570,"date":"2024-11-05T16:05:56","date_gmt":"2024-11-05T16:05:56","guid":{"rendered":"https:\/\/planescomplementariossalud.es\/teses-de-doutoramento\/"},"modified":"2024-11-05T16:11:24","modified_gmt":"2024-11-05T16:11:24","slug":"teses-de-doutoramento","status":"publish","type":"page","link":"https:\/\/planescomplementariossalud.es\/gl\/teses-de-doutoramento\/","title":{"rendered":"teses de doutoramento"},"content":{"rendered":"\t\t<div data-elementor-type=\"wp-page\" data-elementor-id=\"17570\" class=\"elementor elementor-17570 elementor-17563\" data-elementor-post-type=\"page\">\n\t\t\t\t\t\t<section class=\"elementor-section elementor-top-section elementor-element elementor-element-62250490 elementor-section-full_width elementor-section-height-min-height elementor-section-items-top elementor-section-content-top elementor-section-height-default\" data-id=\"62250490\" data-element_type=\"section\" data-e-type=\"section\">\n\t\t\t\t\t\t<div class=\"elementor-container elementor-column-gap-no\">\n\t\t\t\t\t<div class=\"elementor-column elementor-col-100 elementor-top-column elementor-element elementor-element-340463fd\" data-id=\"340463fd\" data-element_type=\"column\" data-e-type=\"column\">\n\t\t\t<div class=\"elementor-widget-wrap elementor-element-populated\">\n\t\t\t\t\t\t<div class=\"elementor-element elementor-element-9983e1f elementor-widget elementor-widget-image\" data-id=\"9983e1f\" data-element_type=\"widget\" data-e-type=\"widget\" data-widget_type=\"image.default\">\n\t\t\t\t<div class=\"elementor-widget-container\">\n\t\t\t\t\t\t\t\t\t\t\t\t\t\t\t<img fetchpriority=\"high\" decoding=\"async\" width=\"2560\" height=\"1706\" src=\"https:\/\/planescomplementariossalud.es\/wp-content\/uploads\/2024\/05\/cloud-system-tablet-background-smart-technology-remixed-media-scaled.jpg\" class=\"attachment-full size-full wp-image-12258\" alt=\"\" srcset=\"https:\/\/planescomplementariossalud.es\/wp-content\/uploads\/2024\/05\/cloud-system-tablet-background-smart-technology-remixed-media-scaled.jpg 2560w, https:\/\/planescomplementariossalud.es\/wp-content\/uploads\/2024\/05\/cloud-system-tablet-background-smart-technology-remixed-media-300x200.jpg 300w, https:\/\/planescomplementariossalud.es\/wp-content\/uploads\/2024\/05\/cloud-system-tablet-background-smart-technology-remixed-media-1024x683.jpg 1024w, https:\/\/planescomplementariossalud.es\/wp-content\/uploads\/2024\/05\/cloud-system-tablet-background-smart-technology-remixed-media-768x512.jpg 768w, https:\/\/planescomplementariossalud.es\/wp-content\/uploads\/2024\/05\/cloud-system-tablet-background-smart-technology-remixed-media-1536x1024.jpg 1536w, https:\/\/planescomplementariossalud.es\/wp-content\/uploads\/2024\/05\/cloud-system-tablet-background-smart-technology-remixed-media-2048x1365.jpg 2048w\" sizes=\"(max-width: 2560px) 100vw, 2560px\" \/>\t\t\t\t\t\t\t\t\t\t\t\t\t\t\t<\/div>\n\t\t\t\t<\/div>\n\t\t\t\t\t<\/div>\n\t\t<\/div>\n\t\t\t\t\t<\/div>\n\t\t<\/section>\n\t\t\t\t<section class=\"elementor-section elementor-top-section elementor-element elementor-element-9a06bdc elementor-section-boxed elementor-section-height-default elementor-section-height-default\" data-id=\"9a06bdc\" data-element_type=\"section\" data-e-type=\"section\">\n\t\t\t\t\t\t<div class=\"elementor-container elementor-column-gap-default\">\n\t\t\t\t\t<div class=\"elementor-column elementor-col-100 elementor-top-column elementor-element elementor-element-7e3b81a\" data-id=\"7e3b81a\" data-element_type=\"column\" data-e-type=\"column\">\n\t\t\t<div class=\"elementor-widget-wrap\">\n\t\t\t\t\t\t\t<\/div>\n\t\t<\/div>\n\t\t\t\t\t<\/div>\n\t\t<\/section>\n\t\t\t\t<section class=\"elementor-section elementor-top-section elementor-element elementor-element-a4ac9b6 elementor-section-full_width elementor-section-content-top elementor-section-stretched elementor-section-height-default elementor-section-height-default\" data-id=\"a4ac9b6\" data-element_type=\"section\" data-e-type=\"section\" data-settings=\"{&quot;stretch_section&quot;:&quot;section-stretched&quot;}\">\n\t\t\t\t\t\t<div class=\"elementor-container elementor-column-gap-default\">\n\t\t\t\t\t<div class=\"elementor-column elementor-col-100 elementor-top-column elementor-element elementor-element-37b3d4d\" data-id=\"37b3d4d\" data-element_type=\"column\" data-e-type=\"column\" data-settings=\"{&quot;background_background&quot;:&quot;classic&quot;}\">\n\t\t\t<div class=\"elementor-widget-wrap elementor-element-populated\">\n\t\t\t\t\t\t<div class=\"elementor-element elementor-element-e1d8d93 elementor-widget__width-initial elementor-widget elementor-widget-heading\" data-id=\"e1d8d93\" data-element_type=\"widget\" data-e-type=\"widget\" data-widget_type=\"heading.default\">\n\t\t\t\t<div class=\"elementor-widget-container\">\n\t\t\t\t\t<h2 class=\"elementor-heading-title elementor-size-default\">TESES DE DOUTORAMENTO<br><br><\/h2>\t\t\t\t<\/div>\n\t\t\t\t<\/div>\n\t\t\t\t\t<\/div>\n\t\t<\/div>\n\t\t\t\t\t<\/div>\n\t\t<\/section>\n\t\t\t\t<section class=\"elementor-section elementor-top-section elementor-element elementor-element-c0ee27a elementor-section-boxed elementor-section-height-default elementor-section-height-default\" data-id=\"c0ee27a\" data-element_type=\"section\" data-e-type=\"section\">\n\t\t\t\t\t\t<div class=\"elementor-container elementor-column-gap-default\">\n\t\t\t\t\t<div class=\"elementor-column elementor-col-100 elementor-top-column elementor-element elementor-element-1b9f8ab\" data-id=\"1b9f8ab\" data-element_type=\"column\" data-e-type=\"column\">\n\t\t\t<div class=\"elementor-widget-wrap elementor-element-populated\">\n\t\t\t\t\t\t<div class=\"elementor-element elementor-element-548c2c0 elementor-widget elementor-widget-spacer\" data-id=\"548c2c0\" data-element_type=\"widget\" data-e-type=\"widget\" data-widget_type=\"spacer.default\">\n\t\t\t\t<div class=\"elementor-widget-container\">\n\t\t\t\t\t\t\t<div class=\"elementor-spacer\">\n\t\t\t<div class=\"elementor-spacer-inner\"><\/div>\n\t\t<\/div>\n\t\t\t\t\t\t<\/div>\n\t\t\t\t<\/div>\n\t\t\t\t<div class=\"elementor-element elementor-element-b948ad2 elementor-widget elementor-widget-text-editor\" data-id=\"b948ad2\" data-element_type=\"widget\" data-e-type=\"widget\" data-widget_type=\"text-editor.default\">\n\t\t\t\t<div class=\"elementor-widget-container\">\n\t\t\t\t\t\t\t\t\t<p><strong>\u201cHepatoencefalopat\u00eda por mutaci\u00f3ns en GFM1: obtenci\u00f3n dun modelo de rato modificado xeneticamente e estudo precl\u00ednico de terapia x\u00e9nica con vectores adeno-asociados\u201d<\/strong> , Programa de Doutoramento en Bioqu\u00edmica, Biolox\u00eda Molecular e Biomedicina da Universidade Aut\u00f3noma de Barcelona.<br \/> (Proxecto Colaborativo Catalu\u00f1a: DRUG4-COXPD1)<\/p>\n<p><strong>&#8220;Inhibici\u00f3n de MNK como enfoque terap\u00e9utico para a sensibilizaci\u00f3n tumoral a terapias aprobadas&#8221;<\/strong> (en curso)<br \/> (Proxecto Colaborativo Catalu\u00f1a: MnkImmunOnco)<\/p>\n<p><strong>&#8220;Busca novas opci\u00f3ns terap\u00e9uticas no osteosarcoma pedi\u00e1trico usando li\u00f1as de c\u00e9lulas tumorais derivadas do paciente&#8221;.<\/strong>  Tese de doutoramento comezou o 1 de setembro de 2023 que incl\u00fae a caracterizaci\u00f3n de compostos preseleccionados nas proxecci\u00f3ns.<br \/>(Proxecto colaborativo de Catalu\u00f1a: OsteoMetTherapy)<\/p>\n<p><strong>&#8220;Uso de siRNA como unha nova terapia para o glioblastoma&#8221;<\/strong><\/p>\n<p><strong>&#8220;Terapias avanzadas para o cancro de pr\u00f3stata&#8221;<\/strong><\/p>\n<p><strong>&#8220;Caracterizaci\u00f3n en profundidade de ves\u00edculas extracelulares para o seu uso como biomarcadores de enfermidades e nanovectores de pr\u00f3xima xeraci\u00f3n&#8221;<\/strong><br \/> (Proxecto Colaborativo Catalu\u00f1a: EVBRAINTARGET)<\/p>\n<p><strong>&#8220;O obxectivo do eixe MNK\/eIF4E no ambiente do tumor&#8221;<\/strong><br \/> (Proxecto Colaborativo Catalu\u00f1a: MnkImmunOnco)<\/p>\n<p><strong>&#8220;An\u00e1lise e validaci\u00f3n de materiais destinados ao dese\u00f1o de enxertos vasculares de enxe\u00f1ar\u00eda tisular&#8221;<\/strong><\/p>\n<p>Tese de doutoramento sobre estudo estrutural e funcional de MeCP2 e avaliaci\u00f3n de compostos que modulan a s\u00faa funci\u00f3n<\/p>\n<p>Tese de doutoramento sobre estudo estrutural e funcional de BFT-3 e avaliaci\u00f3n de compostos que modulan a s\u00faa funci\u00f3n<\/p><\/p>\n\t\t\t\t\t\t\t\t<\/div>\n\t\t\t\t<\/div>\n\t\t\t\t\t<\/div>\n\t\t<\/div>\n\t\t\t\t\t<\/div>\n\t\t<\/section>\n\t\t\t\t<section class=\"elementor-section elementor-top-section elementor-element elementor-element-182a4d2 elementor-hidden-desktop elementor-hidden-tablet elementor-hidden-mobile elementor-section-boxed elementor-section-height-default elementor-section-height-default\" data-id=\"182a4d2\" data-element_type=\"section\" data-e-type=\"section\">\n\t\t\t\t\t\t<div class=\"elementor-container elementor-column-gap-default\">\n\t\t\t\t\t<div class=\"elementor-column elementor-col-100 elementor-top-column elementor-element elementor-element-b2b9d7a\" data-id=\"b2b9d7a\" data-element_type=\"column\" data-e-type=\"column\">\n\t\t\t<div class=\"elementor-widget-wrap elementor-element-populated\">\n\t\t\t\t\t\t<div class=\"elementor-element elementor-element-f897d8a elementor-widget elementor-widget-heading\" data-id=\"f897d8a\" data-element_type=\"widget\" data-e-type=\"widget\" data-widget_type=\"heading.default\">\n\t\t\t\t<div class=\"elementor-widget-container\">\n\t\t\t\t\t<h2 class=\"elementor-heading-title elementor-size-default\">2023<\/h2>\t\t\t\t<\/div>\n\t\t\t\t<\/div>\n\t\t\t\t<div class=\"elementor-element elementor-element-0060522 elementor-widget elementor-widget-menu-anchor\" data-id=\"0060522\" data-element_type=\"widget\" data-e-type=\"widget\" data-widget_type=\"menu-anchor.default\">\n\t\t\t\t<div class=\"elementor-widget-container\">\n\t\t\t\t\t\t\t<div class=\"elementor-menu-anchor\" id=\"innopharma\"><\/div>\n\t\t\t\t\t\t<\/div>\n\t\t\t\t<\/div>\n\t\t\t\t<div class=\"elementor-element elementor-element-6fcc11e elementor-widget elementor-widget-text-editor\" data-id=\"6fcc11e\" data-element_type=\"widget\" data-e-type=\"widget\" data-widget_type=\"text-editor.default\">\n\t\t\t\t<div class=\"elementor-widget-container\">\n\t\t\t\t\t\t\t\t\t<p>Daniel Sand\u00edn Garc\u00eda, Javier Valle, Jordi G\u00f3mez, Laura Comas, Maria Nieves Larrosa, Juan Jos\u00e9 Gonz\u00e1lez, Mar\u00eda \u00c1ngeles Jim\u00e9nez, Daniel Sand\u00edn Garc\u00eda, Javier Valle, Jordi G\u00f3mez, Laura Comas, Maria Nieves Larrosa, Juan Jos\u00e9 Gonz\u00e1lez, Mar\u00eda \u00c1ngeles Jim\u00e9nez, David Andreu e Marc Torrent (2023), <strong>Mining the heparinome for cr\u00edptico antimicrobiano p\u00e9ptidos que matan selectivamente bacterias gramnegativas<\/strong> . bioRxiv, 2023.10.19.563059<br \/> DOI: 10.1101\/2023.10.19.563059.<br \/> Direcci\u00f3n web: <a href=\"https:\/\/www.biorxiv.org\/content\/10.1101\/2023.10.19.563059v1\" target=\"_blank\" rel=\"noopener\">https:\/\/www.biorxiv.org\/content\/10.1101\/2023.10.19.563059v1<\/a> <\/p>\n<p>Dur\u00e1n-Rey, D; Brito-Pereira, R; Ribeiro, C; Ribeiro, S; S\u00e1nchez-Margallo, JA; Cris\u00f3stomo, V; Irastorza, I; Silvan, U; Lanceros-M\u00e9ndez, S; S\u00e1nchez-Margallo, FM.  <strong>Desenvolvemento de andamios de fibro\u00edna de seda para a reparaci\u00f3n vascular. Biomacromol\u00e9culas. <\/strong>  2023 (IF: 6.979; Q1).<br \/> DOI: https:\/\/doi.org\/10.3390\/biom13091389<br \/> Direcci\u00f3n web: <a href=\"https:\/\/www.mdpi.com\/2480072\" target=\"_blank\" rel=\"noopener\">https:\/\/www.mdpi.com\/2480072<\/a><\/p>\n<p>Gallart-Palau<strong>  Descelularizaci\u00f3n sist\u00e9mica diferencial in vivo para estudar cambios moleculares en cada capa vascular en modelos murinos de enfermidades.<\/strong>  Protocolo STAR 24 de agosto de 2023;4(3):102524<br \/> DOI: 10.1016\/j.xpro.2023.102524.<br \/> URL: <a href=\"https:\/\/www.sciencedirect.com\/science\/article\/pii\/S2666166723004914\" target=\"_blank\" rel=\"noopener\">https:\/\/www.sciencedirect.com\/science\/article\/pii\/S2666166723004914<\/a> <\/p>\n<p><span data-contrast=\"auto\">Gallego-Yerga, L.; Ce\u00f1a, V. e Pel\u00e1ez, R. <strong>Antimit\u00f3ticos potentes e selectivos a base de benzotiazol con solubilidade en auga mellorada: dese\u00f1o, s\u00edntese e avaliaci\u00f3n como axentes anticancer\u00edxenos novos.<\/strong> Farmac\u00e9utica 15:1698<br \/> DOI: 10.3390\/farmac\u00e9utica15061698<br \/> Direcci\u00f3n web: <a href=\"https:\/\/www.ncbi.nlm.nih.gov\/pmc\/articles\/pmid\/37376146\/\" target=\"_blank\" rel=\"noopener\">https:\/\/www.ncbi.nlm.nih.gov\/pmc\/articles\/pmid\/37376146\/<\/a><\/span><\/p>\n<p>Gil-Redondo R., Conde R., Bruzzone C., Seco ML, Bizkarguenaga, M, Gonz\u00e1lez-Valle B, de Diego A., La\u00edn A., Habisch H., Haudum C., Verheyen N., Obermayer-Pietsch B., Margarita S., Pelusi S., Verde I., Oliveira N., Sousa A., Zabala-Letona A., Santos-Martin A., Loizaga-Iriarte A., Unda-Urzaiz M., Kazenwadel J. , Berezhnoy G., Geisler T., Gawaz M., Cannet C., Sch\u00e4fer H., Diercks T., Trautwein C., Carracedo A., Madl T., Valenti L., Spraul M., C Lu S. Embade N., Mato JM, Millet O., The Lancet (Preprint), <strong>MetSCORE: unha m\u00e9trica molecular para avaliar o risco de s\u00edndrome metab\u00f3lica baseada na metabol\u00f3mica de RMN s\u00e9rica.<\/strong><br \/> URL: https:\/\/papers.ssrn.com\/sol3\/papers.cfm?abstract_id=4625798 <\/p>\n<p>G\u00f3mez, Jordi e Torrent, Marc, <strong>Ensamblaxe estrutural do interactoma bacteriano esencial.<\/strong> bioRxiv, 2023.06.14.544900<br \/> DOI: 10.1101\/2023.06.14.544900<br \/> URL: <a href=\"https:\/\/www.biorxiv.org\/content\/10.1101\/2023.06.14.544900v1.full\" target=\"_blank\" rel=\"noopener\">https:\/\/www.biorxiv.org\/content\/10.1101\/2023.06.14.544900v1.full<\/a><\/p>\n<p>Grau, S; Vela, JM; Gurt, A; Barcel\u00f3-Vidal, J; Ojeda, F; L\u00f3pez, I; G\u00f3mez-Garc\u00eda, L; Loza, MI; Mart\u00edn-Garc\u00eda, E; Maldonado, R; Monfort, J. <strong>Eficacia da terapia baseada en SIGMAR1 no tratamento precoz de pacientes con COVID-19 sintom\u00e1ticos leves confirmados.<\/strong> Revista de infecci\u00f3n.<br \/> DOI: 10.1016\/j.jinf.2023.11.008<br \/> URL: <a href=\"https:\/\/www.journalofinfection.com\/article\/S0163-4453(23)00562-5\/fulltext\" target=\"_blank\" rel=\"noopener\">https:\/\/www.journalofinfection.com\/article\/S0163-4453(23)00562-5\/fulltext<\/a><\/p>\n<p>Liu, Xi; Jim\u00e9nez-Alesanco, Ana; Zexian, Li; Neira, Jose Luis; Peng, Ling; Rizzuti, Bruno; Chuluyan, Eduardo; Vel\u00e1zquez-Campoy, Adri\u00e1n; Xia, Yi; Abian, Olga; Santofimia-Casta\u00f1o, Patricia; Iovanna, Juan. (2023)   <strong>Desenvolvemento dun inhibidor NUPR1 eficiente e seguro con actividade anticancer\u00edxena.<br \/><\/strong><\/p>\n<p>LORENZO-LOZANO, MC; BL\u00c1ZQUEZ-MANZANERA, AL e CARNICERO, JA <strong>Como funciona o reloxo renal: patr\u00f3n circadiano de eGFR baseado nun grupo de datos de poboaci\u00f3n<\/strong> . J Physiol Biochem 79:543-554.2023.   <br \/>DOI: 10.1007\/s13105-023-00948-2.<\/p>\n<p>Ortega-Alarc\u00f3n, David; Claveria-Gimeno, Rafael; Veiga, Sonia; Kalani, Ladan; Jorge-Torres, Olga C.; Esteller, Manel; Ausio, Juan; Abian, Olga; Velazquez-Campoy, Adrian (2023) <strong>Extending MeCP2 interactome: Canonical nucleosomal histons interact with MeCP2.<\/strong> Investigaci\u00f3n de \u00c1cidos Nucleicos.<br \/> DOI: 10.1093\/nar\/gkae051<br \/> URL: <a href=\"https:\/\/academic.oup.com\/nar\/article\/52\/7\/3636\/7600452\" target=\"_blank\" rel=\"noopener\">https:\/\/academic.oup.com\/nar\/article\/52\/7\/3636\/7600452<\/a><\/p>\n<p>RAKSHIT, S.; MALDONADO, A.; LEZAMA, L.; COHEN, B. e DOUHAL, A. <strong>The Effects of Mono &#8211; and Bivalent Lineal Alkyl Interlayer Spacers on the Photobehavior of Mn (II)-Based perovskites<\/strong> . Int. J. Mol. Sci. 24: 3280. 2023.<br \/> DOI: 10.3390\/ijms24043280.<br \/> Direcci\u00f3n web: <a href=\"http:\/\/www.ncbi.nlm.nih.gov\/pmc\/articles\/pmc9967457\/\" target=\"_blank\" rel=\"noopener\">http:\/\/www.ncbi.nlm.nih.gov\/pmc\/articles\/pmc9967457\/<\/a>     <\/p>\n<p>Roy R, Lorca C, Mulet M, S\u00e1nchez Milan JA, Baratas A, de la Casa M, Espinet C, Serra A, Gallart-Palau X. <strong>Altered ureido protein modification profiles in seminal plasma extracellular vesicles of non-normozoospermic men.<\/strong> Endocrinol frontal. 22 de marzo de 2023; 14:1113824<br \/> DOI: 10.3389\/fendo.2023.1113824.DOI<br \/> URL: <a href=\"https:\/\/www.frontiersin.org\/articles\/10.3389\/fendo.2023.1113824\/full\" target=\"_blank\" rel=\"noopener\">https:\/\/www.frontiersin.org\/articles\/10.3389\/fendo.2023.1113824\/full<\/a> <\/p>\n<p>S\u00e1nchez Milan JA, Fern\u00e1ndez-Rhodes M, Guo X, Mulet M, Ngan SC, Iyappan R, Katoueezadeh M, Sze SK, Serra A, Gallart-Palau X.  <strong>A ciste\u00edna trioxidada no proteoma do envellecemento imita a din\u00e1mica estrutural e o interactoma da serina fosforilada. C\u00e9lula envellecida. <\/strong>  18 de decembro de 2023: 14062. doi: 10.1111\/acel.14062.<br \/> Direcci\u00f3n URL: acel.14062 <\/p>\n<p>Sand\u00edn Garc\u00eda D., , Valle Javier, G\u00f3mez Jordi, Comas Laura, Larrosa Maria Nieves, Gonz\u00e1lez Juan Jos\u00e9, Jim\u00e9nez Mar\u00eda \u00c1ngeles, Andreu David e Torrent Marc (2023), <strong>Mining the heparinome for cryptic antimicrobial peptides that selectively kill bacteria gram-negative<\/strong> . bioRxiv, 2023.10.19.563059<br \/> DOI: 10.1101\/2023.10.19.563059.<br \/> Direcci\u00f3n web: https:\/\/www.biorxiv.org\/content\/10.1101\/2023.10.19.563059v1 <\/p>\n\t\t\t\t\t\t\t\t<\/div>\n\t\t\t\t<\/div>\n\t\t\t\t\t<\/div>\n\t\t<\/div>\n\t\t\t\t\t<\/div>\n\t\t<\/section>\n\t\t\t\t<section class=\"elementor-section elementor-top-section elementor-element elementor-element-93ae93e elementor-section-boxed elementor-section-height-default elementor-section-height-default\" data-id=\"93ae93e\" data-element_type=\"section\" data-e-type=\"section\">\n\t\t\t\t\t\t<div class=\"elementor-container elementor-column-gap-default\">\n\t\t\t\t\t<div class=\"elementor-column elementor-col-100 elementor-top-column elementor-element elementor-element-77601f7\" data-id=\"77601f7\" data-element_type=\"column\" data-e-type=\"column\">\n\t\t\t<div class=\"elementor-widget-wrap elementor-element-populated\">\n\t\t\t\t\t\t<div class=\"elementor-element elementor-element-e492d40 elementor-hidden-desktop elementor-hidden-tablet elementor-hidden-mobile elementor-widget elementor-widget-heading\" data-id=\"e492d40\" data-element_type=\"widget\" data-e-type=\"widget\" data-widget_type=\"heading.default\">\n\t\t\t\t<div class=\"elementor-widget-container\">\n\t\t\t\t\t<h2 class=\"elementor-heading-title elementor-size-default\"><b>2022<\/b><\/h2>\t\t\t\t<\/div>\n\t\t\t\t<\/div>\n\t\t\t\t<div class=\"elementor-element elementor-element-d1d4748 elementor-widget elementor-widget-menu-anchor\" data-id=\"d1d4748\" data-element_type=\"widget\" data-e-type=\"widget\" data-widget_type=\"menu-anchor.default\">\n\t\t\t\t<div class=\"elementor-widget-container\">\n\t\t\t\t\t\t\t<div class=\"elementor-menu-anchor\" id=\"criome\"><\/div>\n\t\t\t\t\t\t<\/div>\n\t\t\t\t<\/div>\n\t\t\t\t<div class=\"elementor-element elementor-element-13e57b4 elementor-hidden-desktop elementor-hidden-tablet elementor-hidden-mobile elementor-widget elementor-widget-text-editor\" data-id=\"13e57b4\" data-element_type=\"widget\" data-e-type=\"widget\" data-widget_type=\"text-editor.default\">\n\t\t\t\t<div class=\"elementor-widget-container\">\n\t\t\t\t\t\t\t\t\t<\/p>\n<p>De la Torre, C; X\u00e1tiva, P; Posadas, I; Manzaranres, D; Jim\u00e9nez, JL; Ortiz, C; Fern\u00e1ndez, JM e Ce\u00f1a, V., <strong>Unha nanopart\u00edcula baseada en \u03b2-ciclodextrina cunha eficiencia de transfecci\u00f3n moi alta revela respostas TLR3 activadas por ARNsi en c\u00e9lulas de cancro de pr\u00f3stata humana.<\/strong> Farmac\u00e9utica 14: 2424. 2022.<br \/> DOI: 10.3390\/farmac\u00e9utica14112424.<br \/> Direcci\u00f3n web: <a href=\"https:\/\/www.ncbi.nlm.nih.gov\/pmc\/articles\/pmid\/36365241\/\" target=\"_blank\" rel=\"noopener\">https:\/\/www.ncbi.nlm.nih.gov\/pmc\/articles\/pmid\/36365241\/<\/a> <\/p>\n<p>Dur\u00e1n-Rey, D; Brito-Pereira, R; Ribeiro, C; Ribeiro, S; S\u00e1nchez-Margallo, JA; Cris\u00f3stomo, V; Irastorza, I; Silvan, U; Lanceros-M\u00e9ndez, S; S\u00e1nchez-Margallo, FM. <strong>Desenvolvemento e avaliaci\u00f3n de diferentes arquitecturas electroactivas de poli(fluoruro de vinilideno) para o cultivo de c\u00e9lulas endoteliais<\/strong> . Fronteiras en Bioenxe\u00f1ar\u00eda e Biotecnolox\u00eda. 2022 (IF: 6.064; Q1).<br \/> DOI: https:\/\/doi.org\/10.3389\/fbioe.2022.1044667<br \/> URL: <a href=\"https:\/\/www.frontiersin.org\/articles\/10.3389\/fbioe.2022.1044667\/full\" target=\"_blank\" rel=\"noopener\">https:\/\/www.frontiersin.org\/articles\/10.3389\/fbioe.2022.1044667\/full<\/a>  <\/p>\n<p>PEREZ-CARRI\u00d3N, MD; POSADAS, I.; SOLERA, J. e CE\u00d1A, V. <strong>LRRK2 and Proteostasis in Parkinson&#8217;s Disease.<\/strong> Int. J. Mol. Sci. 23: 6808. 2022.<br \/> DOI: 10.3390\/ijms23126808.<br \/> URL: <a href=\"https:\/\/www.ncbi.nlm.nih.gov\/pmc\/articles\/pmid\/35743250\/\" target=\"_blank\" rel=\"noopener\">https:\/\/www.ncbi.nlm.nih.gov\/pmc\/articles\/pmid\/35743250\/<\/a>    <\/p>\n<p>POSADAS, I.; ROMERO-CASTILLO, L.; RONCA, RA; KARPUS, A.; MIGNANI, S.; MAJORAL, JP; MU\u00d1OZ-FERN\u00c1NDEZ, MA e CE\u00d1A, V. <strong>Os dendr\u00edmeros de f\u00f3sforo neutro de enxe\u00f1ar\u00eda protexen as neuronas corticais do rato e os organoides cerebrais da morte excitot\u00f3xica.<\/strong> Int.J. Mol. Sci. 23: 4391. 2022.<br \/> DOI: 10.3390\/ijms23084391.<br \/> URL: <a href=\"https:\/\/www.ncbi.nlm.nih.gov\/pmc\/articles\/PMC9024777\/\" target=\"_blank\" rel=\"noopener\">https:\/\/www.ncbi.nlm.nih.gov\/pmc\/articles\/PMC9024777\/<\/a>    <\/p>\n<p>SAROWAR, S.; CIRILLO, D.; X\u00c1TIVA, P.; NILSEN, MH; OTRAGANE, SA; HEGGDAL, J.; SELHEIM, F.; CE\u00d1A, V.; BJ\u00d8RSVIK, HR e ENGER, P. \u00d8<strong>. The Styryl Benzoic Acid Derivative DC10 Potentiates Radiotherapy by Targeting the xCT-Glutathione Axis <\/strong>. Front. Oncol. 12: 786739. 2022. <br \/>DOI: 10.3389\/fonc.2022.786739.<br \/>URL: <a href=\"http:\/\/www.ncbi.nlm.nih.gov\/pmc\/articles\/pmc8858948\/\" target=\"_blank\" rel=\"noopener\">http:\/\/www.ncbi.nlm.nih.gov\/pmc\/articles\/pmc8858948\/<\/a>    <\/p>\n\t\t\t\t\t\t\t\t<\/div>\n\t\t\t\t<\/div>\n\t\t\t\t\t<\/div>\n\t\t<\/div>\n\t\t\t\t\t<\/div>\n\t\t<\/section>\n\t\t\t\t<\/div>\n\t\t","protected":false},"excerpt":{"rendered":"<p>TESES DE DOUTORAMENTO \u201cHepatoencefalopat\u00eda por mutaci\u00f3ns en GFM1: obtenci\u00f3n dun modelo de rato modificado xeneticamente e estudo precl\u00ednico de terapia x\u00e9nica con vectores adeno-asociados\u201d , Programa de Doutoramento en Bioqu\u00edmica, Biolox\u00eda Molecular e Biomedicina da Universidade Aut\u00f3noma de Barcelona. (Proxecto Colaborativo Catalu\u00f1a: DRUG4-COXPD1) &#8220;Inhibici\u00f3n de MNK como enfoque terap\u00e9utico para a sensibilizaci\u00f3n tumoral a terapias &hellip;<\/p>\n<p class=\"read-more\"> <a class=\"\" href=\"https:\/\/planescomplementariossalud.es\/gl\/teses-de-doutoramento\/\"> <span class=\"screen-reader-text\">teses de doutoramento<\/span> Ler m\u00e1is &raquo;<\/a><\/p>\n","protected":false},"author":15,"featured_media":0,"parent":0,"menu_order":0,"comment_status":"closed","ping_status":"closed","template":"elementor_header_footer","meta":{"site-sidebar-layout":"no-sidebar","site-content-layout":"page-builder","ast-site-content-layout":"full-width-container","site-content-style":"unboxed","site-sidebar-style":"unboxed","ast-global-header-display":"","ast-banner-title-visibility":"","ast-main-header-display":"","ast-hfb-above-header-display":"","ast-hfb-below-header-display":"","ast-hfb-mobile-header-display":"","site-post-title":"disabled","ast-breadcrumbs-content":"","ast-featured-img":"disabled","footer-sml-layout":"","theme-transparent-header-meta":"","adv-header-id-meta":"","stick-header-meta":"","header-above-stick-meta":"","header-main-stick-meta":"","header-below-stick-meta":"","astra-migrate-meta-layouts":"","ast-page-background-enabled":"default","ast-page-background-meta":{"desktop":{"background-color":"var(--ast-global-color-4)","background-image":"","background-repeat":"repeat","background-position":"center center","background-size":"auto","background-attachment":"scroll","background-type":"","background-media":"","overlay-type":"","overlay-color":"","overlay-gradient":""},"tablet":{"background-color":"","background-image":"","background-repeat":"repeat","background-position":"center center","background-size":"auto","background-attachment":"scroll","background-type":"","background-media":"","overlay-type":"","overlay-color":"","overlay-gradient":""},"mobile":{"background-color":"","background-image":"","background-repeat":"repeat","background-position":"center center","background-size":"auto","background-attachment":"scroll","background-type":"","background-media":"","overlay-type":"","overlay-color":"","overlay-gradient":""}},"ast-content-background-meta":{"desktop":{"background-color":"var(--ast-global-color-5)","background-image":"","background-repeat":"repeat","background-position":"center center","background-size":"auto","background-attachment":"scroll","background-type":"","background-media":"","overlay-type":"","overlay-color":"","overlay-gradient":""},"tablet":{"background-color":"var(--ast-global-color-5)","background-image":"","background-repeat":"repeat","background-position":"center center","background-size":"auto","background-attachment":"scroll","background-type":"","background-media":"","overlay-type":"","overlay-color":"","overlay-gradient":""},"mobile":{"background-color":"var(--ast-global-color-5)","background-image":"","background-repeat":"repeat","background-position":"center center","background-size":"auto","background-attachment":"scroll","background-type":"","background-media":"","overlay-type":"","overlay-color":"","overlay-gradient":""}},"footnotes":""},"class_list":["post-17570","page","type-page","status-publish","hentry"],"_links":{"self":[{"href":"https:\/\/planescomplementariossalud.es\/gl\/wp-json\/wp\/v2\/pages\/17570","targetHints":{"allow":["GET"]}}],"collection":[{"href":"https:\/\/planescomplementariossalud.es\/gl\/wp-json\/wp\/v2\/pages"}],"about":[{"href":"https:\/\/planescomplementariossalud.es\/gl\/wp-json\/wp\/v2\/types\/page"}],"author":[{"embeddable":true,"href":"https:\/\/planescomplementariossalud.es\/gl\/wp-json\/wp\/v2\/users\/15"}],"replies":[{"embeddable":true,"href":"https:\/\/planescomplementariossalud.es\/gl\/wp-json\/wp\/v2\/comments?post=17570"}],"version-history":[{"count":1,"href":"https:\/\/planescomplementariossalud.es\/gl\/wp-json\/wp\/v2\/pages\/17570\/revisions"}],"predecessor-version":[{"id":17571,"href":"https:\/\/planescomplementariossalud.es\/gl\/wp-json\/wp\/v2\/pages\/17570\/revisions\/17571"}],"wp:attachment":[{"href":"https:\/\/planescomplementariossalud.es\/gl\/wp-json\/wp\/v2\/media?parent=17570"}],"curies":[{"name":"wp","href":"https:\/\/api.w.org\/{rel}","templated":true}]}}