{"id":17524,"date":"2024-11-05T15:19:37","date_gmt":"2024-11-05T15:19:37","guid":{"rendered":"https:\/\/planescomplementariossalud.es\/transferentzia-teknologikoa\/"},"modified":"2024-11-05T15:58:47","modified_gmt":"2024-11-05T15:58:47","slug":"transferentzia-teknologikoa","status":"publish","type":"page","link":"https:\/\/planescomplementariossalud.es\/eu\/transferentzia-teknologikoa\/","title":{"rendered":"Transferentzia teknologikoa"},"content":{"rendered":"\t\t<div data-elementor-type=\"wp-page\" data-elementor-id=\"17524\" class=\"elementor elementor-17524 elementor-17498\" data-elementor-post-type=\"page\">\n\t\t\t\t\t\t<section class=\"elementor-section elementor-top-section elementor-element elementor-element-62250490 elementor-section-full_width elementor-section-height-min-height elementor-section-items-top elementor-section-content-top elementor-section-height-default\" data-id=\"62250490\" data-element_type=\"section\" data-e-type=\"section\">\n\t\t\t\t\t\t<div class=\"elementor-container elementor-column-gap-no\">\n\t\t\t\t\t<div class=\"elementor-column elementor-col-100 elementor-top-column elementor-element elementor-element-340463fd\" data-id=\"340463fd\" data-element_type=\"column\" data-e-type=\"column\">\n\t\t\t<div class=\"elementor-widget-wrap elementor-element-populated\">\n\t\t\t\t\t\t<div class=\"elementor-element elementor-element-9983e1f elementor-widget elementor-widget-image\" data-id=\"9983e1f\" data-element_type=\"widget\" data-e-type=\"widget\" data-widget_type=\"image.default\">\n\t\t\t\t<div class=\"elementor-widget-container\">\n\t\t\t\t\t\t\t\t\t\t\t\t\t\t\t<img fetchpriority=\"high\" decoding=\"async\" width=\"2560\" height=\"1706\" src=\"https:\/\/planescomplementariossalud.es\/wp-content\/uploads\/2024\/05\/cloud-system-tablet-background-smart-technology-remixed-media-scaled.jpg\" class=\"attachment-full size-full wp-image-12255\" alt=\"\" srcset=\"https:\/\/planescomplementariossalud.es\/wp-content\/uploads\/2024\/05\/cloud-system-tablet-background-smart-technology-remixed-media-scaled.jpg 2560w, https:\/\/planescomplementariossalud.es\/wp-content\/uploads\/2024\/05\/cloud-system-tablet-background-smart-technology-remixed-media-300x200.jpg 300w, https:\/\/planescomplementariossalud.es\/wp-content\/uploads\/2024\/05\/cloud-system-tablet-background-smart-technology-remixed-media-1024x683.jpg 1024w, https:\/\/planescomplementariossalud.es\/wp-content\/uploads\/2024\/05\/cloud-system-tablet-background-smart-technology-remixed-media-768x512.jpg 768w, https:\/\/planescomplementariossalud.es\/wp-content\/uploads\/2024\/05\/cloud-system-tablet-background-smart-technology-remixed-media-1536x1024.jpg 1536w, https:\/\/planescomplementariossalud.es\/wp-content\/uploads\/2024\/05\/cloud-system-tablet-background-smart-technology-remixed-media-2048x1365.jpg 2048w\" sizes=\"(max-width: 2560px) 100vw, 2560px\" \/>\t\t\t\t\t\t\t\t\t\t\t\t\t\t\t<\/div>\n\t\t\t\t<\/div>\n\t\t\t\t\t<\/div>\n\t\t<\/div>\n\t\t\t\t\t<\/div>\n\t\t<\/section>\n\t\t\t\t<section class=\"elementor-section elementor-top-section elementor-element elementor-element-9a06bdc elementor-section-boxed elementor-section-height-default elementor-section-height-default\" data-id=\"9a06bdc\" data-element_type=\"section\" data-e-type=\"section\">\n\t\t\t\t\t\t<div class=\"elementor-container elementor-column-gap-default\">\n\t\t\t\t\t<div class=\"elementor-column elementor-col-100 elementor-top-column elementor-element elementor-element-7e3b81a\" data-id=\"7e3b81a\" data-element_type=\"column\" data-e-type=\"column\">\n\t\t\t<div class=\"elementor-widget-wrap\">\n\t\t\t\t\t\t\t<\/div>\n\t\t<\/div>\n\t\t\t\t\t<\/div>\n\t\t<\/section>\n\t\t\t\t<section class=\"elementor-section elementor-top-section elementor-element elementor-element-a4ac9b6 elementor-section-full_width elementor-section-content-top elementor-section-stretched elementor-section-height-default elementor-section-height-default\" data-id=\"a4ac9b6\" data-element_type=\"section\" data-e-type=\"section\" data-settings=\"{&quot;stretch_section&quot;:&quot;section-stretched&quot;}\">\n\t\t\t\t\t\t<div class=\"elementor-container elementor-column-gap-default\">\n\t\t\t\t\t<div class=\"elementor-column elementor-col-100 elementor-top-column elementor-element elementor-element-37b3d4d\" data-id=\"37b3d4d\" data-element_type=\"column\" data-e-type=\"column\" data-settings=\"{&quot;background_background&quot;:&quot;classic&quot;}\">\n\t\t\t<div class=\"elementor-widget-wrap elementor-element-populated\">\n\t\t\t\t\t\t<div class=\"elementor-element elementor-element-e1d8d93 elementor-widget__width-initial elementor-widget elementor-widget-heading\" data-id=\"e1d8d93\" data-element_type=\"widget\" data-e-type=\"widget\" data-widget_type=\"heading.default\">\n\t\t\t\t<div class=\"elementor-widget-container\">\n\t\t\t\t\t<h2 class=\"elementor-heading-title elementor-size-default\">TEKNOLOGIA TRANSFERENTZIA<br><br><\/h2>\t\t\t\t<\/div>\n\t\t\t\t<\/div>\n\t\t\t\t\t<\/div>\n\t\t<\/div>\n\t\t\t\t\t<\/div>\n\t\t<\/section>\n\t\t\t\t<section class=\"elementor-section elementor-top-section elementor-element elementor-element-c0ee27a elementor-section-boxed elementor-section-height-default elementor-section-height-default\" data-id=\"c0ee27a\" data-element_type=\"section\" data-e-type=\"section\">\n\t\t\t\t\t\t<div class=\"elementor-container elementor-column-gap-default\">\n\t\t\t\t\t<div class=\"elementor-column elementor-col-100 elementor-top-column elementor-element elementor-element-1b9f8ab\" data-id=\"1b9f8ab\" data-element_type=\"column\" data-e-type=\"column\">\n\t\t\t<div class=\"elementor-widget-wrap elementor-element-populated\">\n\t\t\t\t\t\t<div class=\"elementor-element elementor-element-548c2c0 elementor-widget elementor-widget-spacer\" data-id=\"548c2c0\" data-element_type=\"widget\" data-e-type=\"widget\" data-widget_type=\"spacer.default\">\n\t\t\t\t<div class=\"elementor-widget-container\">\n\t\t\t\t\t\t\t<div class=\"elementor-spacer\">\n\t\t\t<div class=\"elementor-spacer-inner\"><\/div>\n\t\t<\/div>\n\t\t\t\t\t\t<\/div>\n\t\t\t\t<\/div>\n\t\t\t\t<div class=\"elementor-element elementor-element-598bf18 elementor-widget elementor-widget-heading\" data-id=\"598bf18\" data-element_type=\"widget\" data-e-type=\"widget\" data-widget_type=\"heading.default\">\n\t\t\t\t<div class=\"elementor-widget-container\">\n\t\t\t\t\t<h2 class=\"elementor-heading-title elementor-size-default\">PATENTES<\/h2>\t\t\t\t<\/div>\n\t\t\t\t<\/div>\n\t\t\t\t<div class=\"elementor-element elementor-element-b948ad2 elementor-widget elementor-widget-text-editor\" data-id=\"b948ad2\" data-element_type=\"widget\" data-e-type=\"widget\" data-widget_type=\"text-editor.default\">\n\t\t\t\t<div class=\"elementor-widget-container\">\n\t\t\t\t\t\t\t\t\t<p>PCT\/EP2022\/080507 \u2013 Ves\u00edculas extracelulares biocompatibles obtenidas de subproductos de la industria de fermentaci\u00f3n de alimentos, composiciones y aplicaciones de las mismas<br \/><strong>(Proyecto Colaborativo EVBRAINTARGET)<br \/><\/strong>URL: <a href=\"https:\/\/patentscope.wipo.int\/search\/en\/detail.jsf?docId=WO2023078899\" target=\"_blank\" rel=\"noopener\">https:\/\/patentscope.wipo.int\/search\/en\/detail.jsf?docId=WO2023078899<\/a><strong><br \/><\/strong><\/p>\t\t\t\t\t\t\t\t<\/div>\n\t\t\t\t<\/div>\n\t\t\t\t\t<\/div>\n\t\t<\/div>\n\t\t\t\t\t<\/div>\n\t\t<\/section>\n\t\t\t\t<section class=\"elementor-section elementor-top-section elementor-element elementor-element-182a4d2 elementor-section-boxed elementor-section-height-default elementor-section-height-default\" data-id=\"182a4d2\" data-element_type=\"section\" data-e-type=\"section\">\n\t\t\t\t\t\t<div class=\"elementor-container elementor-column-gap-default\">\n\t\t\t\t\t<div class=\"elementor-column elementor-col-100 elementor-top-column elementor-element elementor-element-b2b9d7a\" data-id=\"b2b9d7a\" data-element_type=\"column\" data-e-type=\"column\">\n\t\t\t<div class=\"elementor-widget-wrap elementor-element-populated\">\n\t\t\t\t\t\t<div class=\"elementor-element elementor-element-f897d8a elementor-widget elementor-widget-heading\" data-id=\"f897d8a\" data-element_type=\"widget\" data-e-type=\"widget\" data-widget_type=\"heading.default\">\n\t\t\t\t<div class=\"elementor-widget-container\">\n\t\t\t\t\t<h2 class=\"elementor-heading-title elementor-size-default\">ACUERDO DE TRANSFERENCIA<\/h2>\t\t\t\t<\/div>\n\t\t\t\t<\/div>\n\t\t\t\t<div class=\"elementor-element elementor-element-0060522 elementor-widget elementor-widget-menu-anchor\" data-id=\"0060522\" data-element_type=\"widget\" data-e-type=\"widget\" data-widget_type=\"menu-anchor.default\">\n\t\t\t\t<div class=\"elementor-widget-container\">\n\t\t\t\t\t\t\t<div class=\"elementor-menu-anchor\" id=\"innopharma\"><\/div>\n\t\t\t\t\t\t<\/div>\n\t\t\t\t<\/div>\n\t\t\t\t<div class=\"elementor-element elementor-element-6fcc11e elementor-widget elementor-widget-text-editor\" data-id=\"6fcc11e\" data-element_type=\"widget\" data-e-type=\"widget\" data-widget_type=\"text-editor.default\">\n\t\t\t\t<div class=\"elementor-widget-container\">\n\t\t\t\t\t\t\t\t\t<p><br \/>Acuerdos de Transferencia de compuestos qu\u00edmicos entre las instituciones espa\u00f1olas para la creaci\u00f3n de la quimioteca (dokumento en discusi\u00f3n).<\/p>\t\t\t\t\t\t\t\t<\/div>\n\t\t\t\t<\/div>\n\t\t\t\t\t<\/div>\n\t\t<\/div>\n\t\t\t\t\t<\/div>\n\t\t<\/section>\n\t\t\t\t<section class=\"elementor-section elementor-top-section elementor-element elementor-element-93ae93e elementor-section-boxed elementor-section-height-default elementor-section-height-default\" data-id=\"93ae93e\" data-element_type=\"section\" data-e-type=\"section\">\n\t\t\t\t\t\t<div class=\"elementor-container elementor-column-gap-default\">\n\t\t\t\t\t<div class=\"elementor-column elementor-col-100 elementor-top-column elementor-element elementor-element-77601f7\" data-id=\"77601f7\" data-element_type=\"column\" data-e-type=\"column\">\n\t\t\t<div class=\"elementor-widget-wrap elementor-element-populated\">\n\t\t\t\t\t\t<div class=\"elementor-element elementor-element-e492d40 elementor-widget elementor-widget-heading\" data-id=\"e492d40\" data-element_type=\"widget\" data-e-type=\"widget\" data-widget_type=\"heading.default\">\n\t\t\t\t<div class=\"elementor-widget-container\">\n\t\t\t\t\t<h2 class=\"elementor-heading-title elementor-size-default\"><b>ACUERDO DE EXPLOTACI\u00d3N DE RESULTADOS<\/b><\/h2>\t\t\t\t<\/div>\n\t\t\t\t<\/div>\n\t\t\t\t<div class=\"elementor-element elementor-element-d1d4748 elementor-widget elementor-widget-menu-anchor\" data-id=\"d1d4748\" data-element_type=\"widget\" data-e-type=\"widget\" data-widget_type=\"menu-anchor.default\">\n\t\t\t\t<div class=\"elementor-widget-container\">\n\t\t\t\t\t\t\t<div class=\"elementor-menu-anchor\" id=\"krimena\"><\/div>\n\t\t\t\t\t\t<\/div>\n\t\t\t\t<\/div>\n\t\t\t\t<div class=\"elementor-element elementor-element-13e57b4 elementor-widget elementor-widget-text-editor\" data-id=\"13e57b4\" data-element_type=\"widget\" data-e-type=\"widget\" data-widget_type=\"text-editor.default\">\n\t\t\t\t<div class=\"elementor-widget-container\">\n\t\t\t\t\t\t\t\t\t<p><br \/>\u2013 6 acuerdos de desarrollo y ejecuci\u00f3n de proyecto de investigaci\u00f3n y explotaci\u00f3n de sus resultados en el marco del plan complementario de biotecnolog\u00eda aplicada a la salud (C.17, I1)<br \/>\u00abPlan de recuperaci\u00f3n, Transformaci\u00f3n y Resiliencia \u2013 financiado por la Uni\u00f3n Europea \u00abNextGenerationEU\u00bb en Galicia<\/p><p>\u2013 3 acuerdos de desarrollo y ejecuci\u00f3n de proyecto de investigaci\u00f3n y explotaci\u00f3n de sus resultados en el marco del plan complementario de biotecnolog\u00eda aplicada a la salud (C.17, I1)<br \/>\u00abPlan de recuperaci\u00f3n, Transformaci\u00f3n y Resiliencia \u2013 financiado por la Uni\u00f3n Europea \u00abNextGenerationEU\u00bb en Galicia. Proyectos subvencionados por la Agencia Gallega de Innovaci\u00f3n y la Conseller\u00eda de Cultura, Educaci\u00f3n, Formaci\u00f3n Profesional e Universidades<\/p>\t\t\t\t\t\t\t\t<\/div>\n\t\t\t\t<\/div>\n\t\t\t\t\t<\/div>\n\t\t<\/div>\n\t\t\t\t\t<\/div>\n\t\t<\/section>\n\t\t\t\t<\/div>\n\t\t","protected":false},"excerpt":{"rendered":"<p>TEKNOLOGIA TRANSFERENTZIA PATENTES PCT\/EP2022\/080507 \u2013 Ves\u00edculas extracelulares biocompatibles obtenidas de subproductos de la industria de fermentaci\u00f3n de alimentos, composiciones y aplicaciones de las mismas(Proyecto Colaborativo EVBRAINTARGET)URL: https:\/\/patentscope.wipo.int\/search\/en\/detail.jsf?docId=WO2023078899 ACUERDO DE TRANSFERENCIA Acuerdos de Transferencia de compuestos qu\u00edmicos entre las instituciones espa\u00f1olas para la creaci\u00f3n de la quimioteca (dokumento en discusi\u00f3n). ACUERDO DE EXPLOTACI\u00d3N DE RESULTADOS \u2013 &hellip;<\/p>\n<p class=\"read-more\"> <a class=\"\" href=\"https:\/\/planescomplementariossalud.es\/eu\/transferentzia-teknologikoa\/\"> <span class=\"screen-reader-text\">Transferentzia teknologikoa<\/span> Read More &raquo;<\/a><\/p>\n","protected":false},"author":15,"featured_media":0,"parent":0,"menu_order":0,"comment_status":"closed","ping_status":"closed","template":"elementor_header_footer","meta":{"site-sidebar-layout":"no-sidebar","site-content-layout":"page-builder","ast-site-content-layout":"full-width-container","site-content-style":"unboxed","site-sidebar-style":"unboxed","ast-global-header-display":"","ast-banner-title-visibility":"","ast-main-header-display":"","ast-hfb-above-header-display":"","ast-hfb-below-header-display":"","ast-hfb-mobile-header-display":"","site-post-title":"disabled","ast-breadcrumbs-content":"","ast-featured-img":"disabled","footer-sml-layout":"","theme-transparent-header-meta":"","adv-header-id-meta":"","stick-header-meta":"","header-above-stick-meta":"","header-main-stick-meta":"","header-below-stick-meta":"","astra-migrate-meta-layouts":"","ast-page-background-enabled":"default","ast-page-background-meta":{"desktop":{"background-color":"var(--ast-global-color-4)","background-image":"","background-repeat":"repeat","background-position":"center center","background-size":"auto","background-attachment":"scroll","background-type":"","background-media":"","overlay-type":"","overlay-color":"","overlay-gradient":""},"tablet":{"background-color":"","background-image":"","background-repeat":"repeat","background-position":"center center","background-size":"auto","background-attachment":"scroll","background-type":"","background-media":"","overlay-type":"","overlay-color":"","overlay-gradient":""},"mobile":{"background-color":"","background-image":"","background-repeat":"repeat","background-position":"center center","background-size":"auto","background-attachment":"scroll","background-type":"","background-media":"","overlay-type":"","overlay-color":"","overlay-gradient":""}},"ast-content-background-meta":{"desktop":{"background-color":"var(--ast-global-color-5)","background-image":"","background-repeat":"repeat","background-position":"center center","background-size":"auto","background-attachment":"scroll","background-type":"","background-media":"","overlay-type":"","overlay-color":"","overlay-gradient":""},"tablet":{"background-color":"var(--ast-global-color-5)","background-image":"","background-repeat":"repeat","background-position":"center center","background-size":"auto","background-attachment":"scroll","background-type":"","background-media":"","overlay-type":"","overlay-color":"","overlay-gradient":""},"mobile":{"background-color":"var(--ast-global-color-5)","background-image":"","background-repeat":"repeat","background-position":"center center","background-size":"auto","background-attachment":"scroll","background-type":"","background-media":"","overlay-type":"","overlay-color":"","overlay-gradient":""}},"footnotes":""},"class_list":["post-17524","page","type-page","status-publish","hentry"],"_links":{"self":[{"href":"https:\/\/planescomplementariossalud.es\/eu\/wp-json\/wp\/v2\/pages\/17524","targetHints":{"allow":["GET"]}}],"collection":[{"href":"https:\/\/planescomplementariossalud.es\/eu\/wp-json\/wp\/v2\/pages"}],"about":[{"href":"https:\/\/planescomplementariossalud.es\/eu\/wp-json\/wp\/v2\/types\/page"}],"author":[{"embeddable":true,"href":"https:\/\/planescomplementariossalud.es\/eu\/wp-json\/wp\/v2\/users\/15"}],"replies":[{"embeddable":true,"href":"https:\/\/planescomplementariossalud.es\/eu\/wp-json\/wp\/v2\/comments?post=17524"}],"version-history":[{"count":7,"href":"https:\/\/planescomplementariossalud.es\/eu\/wp-json\/wp\/v2\/pages\/17524\/revisions"}],"predecessor-version":[{"id":17562,"href":"https:\/\/planescomplementariossalud.es\/eu\/wp-json\/wp\/v2\/pages\/17524\/revisions\/17562"}],"wp:attachment":[{"href":"https:\/\/planescomplementariossalud.es\/eu\/wp-json\/wp\/v2\/media?parent=17524"}],"curies":[{"name":"wp","href":"https:\/\/api.w.org\/{rel}","templated":true}]}}