{"id":6567,"date":"2024-01-10T17:31:34","date_gmt":"2024-01-10T17:31:34","guid":{"rendered":"https:\/\/planescomplementariossalud.es\/transparencia\/"},"modified":"2025-10-13T10:28:53","modified_gmt":"2025-10-13T10:28:53","slug":"transparencia","status":"publish","type":"page","link":"https:\/\/planescomplementariossalud.es\/en\/transparencia\/","title":{"rendered":"Transparencia"},"content":{"rendered":"\n<p class=\"has-medium-font-size\"><strong>CONVENIOS<\/strong><\/p>\n\n\n\n<p class=\"has-text-align-center\">ANDALUC\u00cdA<\/p>\n\n\n\n<figure class=\"wp-block-table\"><table><tbody><tr><td><strong>Registro de convenios de colaboraci\u00f3n.<br><\/strong>Para dar cumplimiento a la obligaci\u00f3n de publicidad y transparencia en los convenios de colaboraci\u00f3n, tal y como estipula el art\u00edculo 14 de la Ley 19\/2014, la Junta de Andaluc\u00eda y el CSIC publica la informaci\u00f3n requerida en esta materia en el siguiente listado de convenios de colaboraci\u00f3n vigentes.<br><br><em><br><\/em><a href=\"https:\/\/planescomplementariossalud.es\/wp-content\/uploads\/2024\/03\/Informacion-Convenios-NextGen-PCBAS-3-2-1.pdf\" target=\"_blank\" rel=\"noreferrer noopener\">Convenios de colaboraci\u00f3n&nbsp;MRR\/PRTR<\/a><br><em>\u00daltima actualizaci\u00f3n: se actualiza peri\u00f3dicamente<\/em><\/td><\/tr><\/tbody><\/table><\/figure>\n\n\n\n<p class=\"has-text-align-center\">CATALU\u00d1A<\/p>\n\n\n\n<figure class=\"wp-block-table\"><table><tbody><tr><td><strong>Registro de convenios de colaboraci\u00f3n.<br><\/strong>Para dar cumplimiento a la obligaci\u00f3n de publicidad y transparencia en los convenios de colaboraci\u00f3n, tal y como estipula el art\u00edculo 14 de la Ley 19\/2014, la Fundaci\u00f3n IBEC publica la informaci\u00f3n requerida en esta materia en el siguiente listado de convenios de colaboraci\u00f3n vigentes.<br><br><em><br><\/em><a href=\"https:\/\/planescomplementariossalud.es\/wp-content\/uploads\/2024\/01\/Convenis-Colaboracion.pdf\" target=\"_blank\" rel=\"noreferrer noopener\">Convenios de colaboraci\u00f3n&nbsp;MRR\/PRTR<\/a><br><em>\u00daltima actualizaci\u00f3n: se actualiza peri\u00f3dicamente<\/em><\/td><\/tr><\/tbody><\/table><\/figure>\n\n\n\n<p class=\"has-text-align-center\">EXTREMADURA<\/p>\n\n\n\n<figure class=\"wp-block-table\"><table><tbody><tr><td><strong>Registro de convenios de colaboraci\u00f3n.<\/strong><br>Para dar cumplimiento a la obligaci\u00f3n de publicidad y transparencia en los convenios de colaboraci\u00f3n, tal y como estipula el art\u00edculo 8.1.b de la Ley 19\/2013, de 9 de diciembre, de transparencia, acceso a la informaci\u00f3n p\u00fablica y buen gobierno, la Fundaci\u00f3n Centro de Cirug\u00eda de M\u00ednima Invasi\u00f3n Jes\u00fas Us\u00f3n publica la informaci\u00f3n requerida en esta materia en el siguiente listado de convenios de colaboraci\u00f3n vigentes.<br><br><a href=\"https:\/\/planescomplementariossalud.es\/wp-content\/uploads\/2024\/04\/Convenios-NextGen-PCBAS-Extremadura_abril-2024.pdf\" data-type=\"link\" data-id=\"https:\/\/planescomplementariossalud.es\/wp-content\/uploads\/2024\/04\/Convenios-NextGen-PCBAS-Extremadura_abril-2024.pdf\"><em><br><\/em><\/a><a href=\"https:\/\/planescomplementariossalud.es\/wp-content\/uploads\/2025\/10\/Informacion-Convenios_EXT.pdf\" target=\"_blank\" rel=\"noreferrer noopener\">Convenios de colaboraci\u00f3n\u00a0MRR\/PRTR\/FEDER<\/a><br><em>\u00daltima actualizaci\u00f3n: se actualiza peri\u00f3dicamente<\/em><\/td><\/tr><\/tbody><\/table><\/figure>\n\n\n\n<p class=\"has-text-align-center\">GALICIA<\/p>\n\n\n\n<figure class=\"wp-block-table\"><table><tbody><tr><td><strong>Registro de convenios de colaboraci\u00f3n.<\/strong><br>Para dar cumplimiento a la obligaci\u00f3n de publicidad y transparencia en los convenios de colaboraci\u00f3n, tal y como estipula el art\u00edculo 15 de la Ley 1\/2016, la Axencia Galega de Innovaci\u00f3n publica la informaci\u00f3n requerida en esta materia en el siguiente listado de convenios de colaboraci\u00f3n vigentes.<br><br><em><br><\/em><a href=\"https:\/\/planescomplementariossalud.es\/wp-content\/uploads\/2024\/03\/Convenios-NextGen-PCBAS-Galicia.pdf\" target=\"_blank\" rel=\"noreferrer noopener\">Convenios de colaboraci\u00f3n&nbsp;MRR\/PRTR<\/a><br><em>\u00daltima actualizaci\u00f3n: se actualiza peri\u00f3dicamente<\/em><\/td><\/tr><\/tbody><\/table><\/figure>\n","protected":false},"excerpt":{"rendered":"<p>CONVENIOS ANDALUC\u00cdA Registro de convenios de colaboraci\u00f3n.Para dar cumplimiento a la obligaci\u00f3n de publicidad y transparencia en los convenios de colaboraci\u00f3n, tal y como estipula el art\u00edculo 14 de la Ley 19\/2014, la Junta de Andaluc\u00eda y el CSIC publica la informaci\u00f3n requerida en esta materia en el siguiente listado de convenios de colaboraci\u00f3n vigentes. &hellip;<\/p>\n<p class=\"read-more\"> <a class=\"\" href=\"https:\/\/planescomplementariossalud.es\/en\/transparencia\/\"> <span class=\"screen-reader-text\">Transparencia<\/span> Read More &raquo;<\/a><\/p>\n","protected":false},"author":4,"featured_media":0,"parent":0,"menu_order":0,"comment_status":"closed","ping_status":"closed","template":"","meta":{"site-sidebar-layout":"default","site-content-layout":"","ast-site-content-layout":"default","site-content-style":"default","site-sidebar-style":"default","ast-global-header-display":"","ast-banner-title-visibility":"","ast-main-header-display":"","ast-hfb-above-header-display":"","ast-hfb-below-header-display":"","ast-hfb-mobile-header-display":"","site-post-title":"","ast-breadcrumbs-content":"","ast-featured-img":"","footer-sml-layout":"","theme-transparent-header-meta":"","adv-header-id-meta":"","stick-header-meta":"","header-above-stick-meta":"","header-main-stick-meta":"","header-below-stick-meta":"","astra-migrate-meta-layouts":"","ast-page-background-enabled":"default","ast-page-background-meta":{"desktop":{"background-color":"var(--ast-global-color-4)","background-image":"","background-repeat":"repeat","background-position":"center center","background-size":"auto","background-attachment":"scroll","background-type":"","background-media":"","overlay-type":"","overlay-color":"","overlay-gradient":""},"tablet":{"background-color":"","background-image":"","background-repeat":"repeat","background-position":"center center","background-size":"auto","background-attachment":"scroll","background-type":"","background-media":"","overlay-type":"","overlay-color":"","overlay-gradient":""},"mobile":{"background-color":"","background-image":"","background-repeat":"repeat","background-position":"center center","background-size":"auto","background-attachment":"scroll","background-type":"","background-media":"","overlay-type":"","overlay-color":"","overlay-gradient":""}},"ast-content-background-meta":{"desktop":{"background-color":"var(--ast-global-color-5)","background-image":"","background-repeat":"repeat","background-position":"center center","background-size":"auto","background-attachment":"scroll","background-type":"","background-media":"","overlay-type":"","overlay-color":"","overlay-gradient":""},"tablet":{"background-color":"var(--ast-global-color-5)","background-image":"","background-repeat":"repeat","background-position":"center center","background-size":"auto","background-attachment":"scroll","background-type":"","background-media":"","overlay-type":"","overlay-color":"","overlay-gradient":""},"mobile":{"background-color":"var(--ast-global-color-5)","background-image":"","background-repeat":"repeat","background-position":"center center","background-size":"auto","background-attachment":"scroll","background-type":"","background-media":"","overlay-type":"","overlay-color":"","overlay-gradient":""}},"footnotes":""},"class_list":["post-6567","page","type-page","status-publish","hentry"],"_links":{"self":[{"href":"https:\/\/planescomplementariossalud.es\/en\/wp-json\/wp\/v2\/pages\/6567","targetHints":{"allow":["GET"]}}],"collection":[{"href":"https:\/\/planescomplementariossalud.es\/en\/wp-json\/wp\/v2\/pages"}],"about":[{"href":"https:\/\/planescomplementariossalud.es\/en\/wp-json\/wp\/v2\/types\/page"}],"author":[{"embeddable":true,"href":"https:\/\/planescomplementariossalud.es\/en\/wp-json\/wp\/v2\/users\/4"}],"replies":[{"embeddable":true,"href":"https:\/\/planescomplementariossalud.es\/en\/wp-json\/wp\/v2\/comments?post=6567"}],"version-history":[{"count":8,"href":"https:\/\/planescomplementariossalud.es\/en\/wp-json\/wp\/v2\/pages\/6567\/revisions"}],"predecessor-version":[{"id":22513,"href":"https:\/\/planescomplementariossalud.es\/en\/wp-json\/wp\/v2\/pages\/6567\/revisions\/22513"}],"wp:attachment":[{"href":"https:\/\/planescomplementariossalud.es\/en\/wp-json\/wp\/v2\/media?parent=6567"}],"curies":[{"name":"wp","href":"https:\/\/api.w.org\/{rel}","templated":true}]}}