{"id":6477,"date":"2022-06-19T18:49:40","date_gmt":"2022-06-19T18:49:40","guid":{"rendered":"https:\/\/planescomplementariossalud.es\/gobernanza\/"},"modified":"2024-05-06T08:11:11","modified_gmt":"2024-05-06T08:11:11","slug":"gobernanza","status":"publish","type":"page","link":"https:\/\/planescomplementariossalud.es\/ca\/gobernanza\/","title":{"rendered":"Governan\u00e7a"},"content":{"rendered":"\t\t<div data-elementor-type=\"wp-page\" data-elementor-id=\"6477\" class=\"elementor elementor-6477 elementor-808\" data-elementor-post-type=\"page\">\n\t\t\t\t\t\t<section class=\"elementor-section elementor-top-section elementor-element elementor-element-3f6f4246 elementor-section-full_width elementor-section-height-min-height elementor-section-items-top elementor-section-content-top elementor-section-height-default\" data-id=\"3f6f4246\" data-element_type=\"section\" data-e-type=\"section\">\n\t\t\t\t\t\t<div class=\"elementor-container elementor-column-gap-no\">\n\t\t\t\t\t<div class=\"elementor-column elementor-col-100 elementor-top-column elementor-element elementor-element-5fe1b58e\" data-id=\"5fe1b58e\" data-element_type=\"column\" data-e-type=\"column\">\n\t\t\t<div class=\"elementor-widget-wrap elementor-element-populated\">\n\t\t\t\t\t\t<div class=\"elementor-element elementor-element-7c5d98f6 elementor-widget__width-inherit elementor-widget elementor-widget-image\" data-id=\"7c5d98f6\" data-element_type=\"widget\" data-e-type=\"widget\" data-widget_type=\"image.default\">\n\t\t\t\t<div class=\"elementor-widget-container\">\n\t\t\t\t\t\t\t\t\t\t\t\t\t\t\t<img fetchpriority=\"high\" decoding=\"async\" width=\"2000\" height=\"800\" src=\"https:\/\/planescomplementariossalud.es\/wp-content\/uploads\/2022\/06\/gobernanza.jpg\" class=\"attachment-full size-full wp-image-2602\" alt=\"\" srcset=\"https:\/\/planescomplementariossalud.es\/wp-content\/uploads\/2022\/06\/gobernanza.jpg 2000w, https:\/\/planescomplementariossalud.es\/wp-content\/uploads\/2022\/06\/gobernanza-300x120.jpg 300w, https:\/\/planescomplementariossalud.es\/wp-content\/uploads\/2022\/06\/gobernanza-1024x410.jpg 1024w, https:\/\/planescomplementariossalud.es\/wp-content\/uploads\/2022\/06\/gobernanza-768x307.jpg 768w, https:\/\/planescomplementariossalud.es\/wp-content\/uploads\/2022\/06\/gobernanza-1536x614.jpg 1536w\" sizes=\"(max-width: 2000px) 100vw, 2000px\" \/>\t\t\t\t\t\t\t\t\t\t\t\t\t\t\t<\/div>\n\t\t\t\t<\/div>\n\t\t\t\t\t<\/div>\n\t\t<\/div>\n\t\t\t\t\t<\/div>\n\t\t<\/section>\n\t\t\t\t<section class=\"elementor-section elementor-top-section elementor-element elementor-element-04ed2b0 elementor-section-boxed elementor-section-height-default elementor-section-height-default\" data-id=\"04ed2b0\" data-element_type=\"section\" data-e-type=\"section\">\n\t\t\t\t\t\t<div class=\"elementor-container elementor-column-gap-default\">\n\t\t\t\t\t<div class=\"elementor-column elementor-col-100 elementor-top-column elementor-element elementor-element-91a33fd\" data-id=\"91a33fd\" data-element_type=\"column\" data-e-type=\"column\">\n\t\t\t<div class=\"elementor-widget-wrap elementor-element-populated\">\n\t\t\t\t\t\t<div class=\"elementor-element elementor-element-f17af2c elementor-widget elementor-widget-heading\" data-id=\"f17af2c\" data-element_type=\"widget\" data-e-type=\"widget\" data-widget_type=\"heading.default\">\n\t\t\t\t<div class=\"elementor-widget-container\">\n\t\t\t\t\t<h2 class=\"elementor-heading-title elementor-size-default\">El Pla Complementari de Biotecnologia est\u00e0 governat pel Comit\u00e8 de Coordinaci\u00f3 Estatal (CCoE) que, alhora, est\u00e0 format pel Comit\u00e8 Cient\u00edfic Estatal (CCE), el Comit\u00e8 de Gesti\u00f3 Estatal (CGE) i un representant del Ministeri de Ci\u00e8ncia i Innovaci\u00f3 (Dr. Crist\u00f3bal Belda). <br>\n\nEl CCoE compta amb el suport de la secretaria del Comit\u00e8 Executiu Estatal (CEE). <\/h2>\t\t\t\t<\/div>\n\t\t\t\t<\/div>\n\t\t\t\t\t<\/div>\n\t\t<\/div>\n\t\t\t\t\t<\/div>\n\t\t<\/section>\n\t\t\t\t<section class=\"elementor-section elementor-top-section elementor-element elementor-element-1184138 elementor-section-full_width elementor-section-height-default elementor-section-height-default\" data-id=\"1184138\" data-element_type=\"section\" data-e-type=\"section\">\n\t\t\t\t\t\t<div class=\"elementor-container elementor-column-gap-default\">\n\t\t\t\t\t<div class=\"elementor-column elementor-col-100 elementor-top-column elementor-element elementor-element-73644d5\" data-id=\"73644d5\" data-element_type=\"column\" data-e-type=\"column\">\n\t\t\t<div class=\"elementor-widget-wrap elementor-element-populated\">\n\t\t\t\t\t\t<div class=\"elementor-element elementor-element-6557afc elementor-widget elementor-widget-image\" data-id=\"6557afc\" data-element_type=\"widget\" data-e-type=\"widget\" data-widget_type=\"image.default\">\n\t\t\t\t<div class=\"elementor-widget-container\">\n\t\t\t\t\t\t\t\t\t\t\t\t\t\t\t<img decoding=\"async\" src=\"https:\/\/planescomplementariossalud.es\/wp-content\/uploads\/2024\/05\/1-1.png\" title=\"\" alt=\"\" loading=\"lazy\" \/>\t\t\t\t\t\t\t\t\t\t\t\t\t\t\t<\/div>\n\t\t\t\t<\/div>\n\t\t\t\t<div class=\"elementor-element elementor-element-25cd147 elementor-widget elementor-widget-image\" data-id=\"25cd147\" data-element_type=\"widget\" data-e-type=\"widget\" data-widget_type=\"image.default\">\n\t\t\t\t<div class=\"elementor-widget-container\">\n\t\t\t\t\t\t\t\t\t\t\t\t\t\t\t<img decoding=\"async\" width=\"1920\" height=\"1440\" src=\"https:\/\/planescomplementariossalud.es\/wp-content\/uploads\/2024\/05\/2-1.png\" class=\"attachment-full size-full wp-image-12155\" alt=\"\" srcset=\"https:\/\/planescomplementariossalud.es\/wp-content\/uploads\/2024\/05\/2-1.png 1920w, https:\/\/planescomplementariossalud.es\/wp-content\/uploads\/2024\/05\/2-1-300x225.png 300w, https:\/\/planescomplementariossalud.es\/wp-content\/uploads\/2024\/05\/2-1-1024x768.png 1024w, https:\/\/planescomplementariossalud.es\/wp-content\/uploads\/2024\/05\/2-1-768x576.png 768w, https:\/\/planescomplementariossalud.es\/wp-content\/uploads\/2024\/05\/2-1-1536x1152.png 1536w\" sizes=\"(max-width: 1920px) 100vw, 1920px\" \/>\t\t\t\t\t\t\t\t\t\t\t\t\t\t\t<\/div>\n\t\t\t\t<\/div>\n\t\t\t\t\t<\/div>\n\t\t<\/div>\n\t\t\t\t\t<\/div>\n\t\t<\/section>\n\t\t\t\t<\/div>\n\t\t","protected":false},"excerpt":{"rendered":"<p>El Pla Complementari de Biotecnologia est\u00e0 governat pel Comit\u00e8 de Coordinaci\u00f3 Estatal (CCoE) que, alhora, est\u00e0 format pel Comit\u00e8 Cient\u00edfic Estatal (CCE), el Comit\u00e8 de Gesti\u00f3 Estatal (CGE) i un representant del Ministeri de Ci\u00e8ncia i Innovaci\u00f3 (Dr. Crist\u00f3bal Belda). El CCoE compta amb el suport de la secretaria del Comit\u00e8 Executiu Estatal (CEE).<\/p>\n","protected":false},"author":4,"featured_media":0,"parent":0,"menu_order":0,"comment_status":"closed","ping_status":"closed","template":"elementor_header_footer","meta":{"site-sidebar-layout":"no-sidebar","site-content-layout":"page-builder","ast-site-content-layout":"full-width-container","site-content-style":"unboxed","site-sidebar-style":"unboxed","ast-global-header-display":"","ast-banner-title-visibility":"","ast-main-header-display":"","ast-hfb-above-header-display":"","ast-hfb-below-header-display":"","ast-hfb-mobile-header-display":"","site-post-title":"disabled","ast-breadcrumbs-content":"","ast-featured-img":"disabled","footer-sml-layout":"","theme-transparent-header-meta":"","adv-header-id-meta":"","stick-header-meta":"","header-above-stick-meta":"","header-main-stick-meta":"","header-below-stick-meta":"","astra-migrate-meta-layouts":"","ast-page-background-enabled":"default","ast-page-background-meta":{"desktop":{"background-color":"var(--ast-global-color-4)","background-image":"","background-repeat":"repeat","background-position":"center center","background-size":"auto","background-attachment":"scroll","background-type":"","background-media":"","overlay-type":"","overlay-color":"","overlay-gradient":""},"tablet":{"background-color":"","background-image":"","background-repeat":"repeat","background-position":"center center","background-size":"auto","background-attachment":"scroll","background-type":"","background-media":"","overlay-type":"","overlay-color":"","overlay-gradient":""},"mobile":{"background-color":"","background-image":"","background-repeat":"repeat","background-position":"center center","background-size":"auto","background-attachment":"scroll","background-type":"","background-media":"","overlay-type":"","overlay-color":"","overlay-gradient":""}},"ast-content-background-meta":{"desktop":{"background-color":"var(--ast-global-color-5)","background-image":"","background-repeat":"repeat","background-position":"center center","background-size":"auto","background-attachment":"scroll","background-type":"","background-media":"","overlay-type":"","overlay-color":"","overlay-gradient":""},"tablet":{"background-color":"var(--ast-global-color-5)","background-image":"","background-repeat":"repeat","background-position":"center center","background-size":"auto","background-attachment":"scroll","background-type":"","background-media":"","overlay-type":"","overlay-color":"","overlay-gradient":""},"mobile":{"background-color":"var(--ast-global-color-5)","background-image":"","background-repeat":"repeat","background-position":"center center","background-size":"auto","background-attachment":"scroll","background-type":"","background-media":"","overlay-type":"","overlay-color":"","overlay-gradient":""}},"footnotes":""},"class_list":["post-6477","page","type-page","status-publish","hentry"],"_links":{"self":[{"href":"https:\/\/planescomplementariossalud.es\/ca\/wp-json\/wp\/v2\/pages\/6477","targetHints":{"allow":["GET"]}}],"collection":[{"href":"https:\/\/planescomplementariossalud.es\/ca\/wp-json\/wp\/v2\/pages"}],"about":[{"href":"https:\/\/planescomplementariossalud.es\/ca\/wp-json\/wp\/v2\/types\/page"}],"author":[{"embeddable":true,"href":"https:\/\/planescomplementariossalud.es\/ca\/wp-json\/wp\/v2\/users\/4"}],"replies":[{"embeddable":true,"href":"https:\/\/planescomplementariossalud.es\/ca\/wp-json\/wp\/v2\/comments?post=6477"}],"version-history":[{"count":13,"href":"https:\/\/planescomplementariossalud.es\/ca\/wp-json\/wp\/v2\/pages\/6477\/revisions"}],"predecessor-version":[{"id":12173,"href":"https:\/\/planescomplementariossalud.es\/ca\/wp-json\/wp\/v2\/pages\/6477\/revisions\/12173"}],"wp:attachment":[{"href":"https:\/\/planescomplementariossalud.es\/ca\/wp-json\/wp\/v2\/media?parent=6477"}],"curies":[{"name":"wp","href":"https:\/\/api.w.org\/{rel}","templated":true}]}}